{"id":8722,"date":"2024-07-01T09:55:00","date_gmt":"2024-07-01T07:55:00","guid":{"rendered":"https:\/\/advitam-material.be\/cookie-policy\/"},"modified":"2024-12-09T08:49:40","modified_gmt":"2024-12-09T07:49:40","slug":"cookie-policy","status":"publish","type":"page","link":"https:\/\/advitam-material.be\/nl\/cookie-policy\/","title":{"rendered":"Cookie Policy"},"content":{"rendered":"\t\t<div data-elementor-type=\"wp-page\" data-elementor-id=\"8722\" class=\"elementor elementor-8722 elementor-306\" data-elementor-post-type=\"page\">\n\t\t\t\t<div class=\"elementor-element elementor-element-d9ac914 e-flex e-con-boxed e-con e-parent\" data-id=\"d9ac914\" data-element_type=\"container\" data-e-type=\"container\">\n\t\t\t\t\t<div class=\"e-con-inner\">\n\t\t\t\t<div class=\"elementor-element elementor-element-91da007 elementor-widget elementor-widget-heading\" data-id=\"91da007\" data-element_type=\"widget\" data-e-type=\"widget\" data-widget_type=\"heading.default\">\n\t\t\t\t<div class=\"elementor-widget-container\">\n\t\t\t\t\t<h1 class=\"elementor-heading-title elementor-size-default\">Cookie Policy<\/h1>\t\t\t\t<\/div>\n\t\t\t\t<\/div>\n\t\t\t\t<div class=\"elementor-element elementor-element-63cd8fc elementor-widget elementor-widget-html\" data-id=\"63cd8fc\" data-element_type=\"widget\" data-e-type=\"widget\" data-widget_type=\"html.default\">\n\t\t\t\t<div class=\"elementor-widget-container\">\n\t\t\t\t\t<style>\n    a.cky-banner-element {\n        padding: 8px 30px;\n        background: #F8F9FA;\n        color: #24608B;\n        border: 1px solid #DEE2E6;\n        box-sizing: border-box;\n        border-radius: 2px;\n        cursor: pointer;\n}\n<\/style>\n<p>\n    Effective Date: 25-Oct-2024 <br>\n    Last Updated: 25-Oct-2024\n<\/p>\n\n&nbsp;\n<h5>What are cookies?<\/h5>\n<div class=\"cookie-policy-p\"><p>This Cookie Policy explains what cookies are and how we use them, the types of cookies we use i.e, the information we collect using cookies and how that information is used, and how to manage the cookie settings.<\/p> <p>Cookies are small text files that are used to store small pieces of information. They are stored on your device when the website is loaded on your browser. These cookies help us make the website function properly, make it more secure, provide better user experience, and understand how the website performs and to analyze what works and where it needs improvement.<\/p><\/div>\n\n&nbsp;\n<h5>How do we use cookies?<\/h5>\n<div class=\"cookie-policy-p\"><p>As most of the online services, our website uses first-party and third-party cookies for several purposes. First-party cookies are mostly necessary for the website to function the right way, and they do not collect any of your personally identifiable data.<\/p> <p>The third-party cookies used on our website are mainly for understanding how the website performs, how you interact with our website, keeping our services secure, providing advertisements that are relevant to you, and all in all providing you with a better and improved user experience and help speed up your future interactions with our website.<\/p><\/div>\n\n&nbsp;\n    <h5>Types de cookies que nous utilisons<\/h5>\n\n    <div class=\"cky-audit-table-element\"><\/div>\n\n&nbsp;\n    <h5 style=\"margin-bottom:20px;\">G\u00e9rer les pr\u00e9f\u00e9rences en mati\u00e8re de cookies<\/h5>\n\n    <a class=\"cky-banner-element\">Cookie settings<\/a> <br\/>\n\n    <div><p>Vous pouvez modifier vos pr\u00e9f\u00e9rences en mati\u00e8re de cookies \u00e0 tout moment en cliquant sur le bouton ci-dessus. Cela vous permettra de revenir \u00e0 la banni\u00e8re de consentement aux cookies et de modifier vos pr\u00e9f\u00e9rences ou de retirer votre consentement imm\u00e9diatement.<\/p><p>En outre, les navigateurs proposent des m\u00e9thodes diff\u00e9rentes pour bloquer et supprimer les cookies utilis\u00e9s par les sites web. Vous pouvez modifier les param\u00e8tres de votre navigateur pour bloquer\/supprimer les cookies. Vous trouverez ci-dessous les liens vers les documents d'assistance relatifs \u00e0 la gestion et \u00e0 la suppression des cookies des principaux navigateurs web.<\/p><p>Chrome : https:\/\/support.google.com\/accounts\/answer\/32050<\/p><p>Safari : https:\/\/support.apple.com\/en-in\/guide\/safari\/sfri11471\/mac<\/p><p>Firefox : https:\/\/support.mozilla.org\/en-US\/kb\/clear-cookies-and-site-data-firefox?redirectslug=delete-cookies-remove-info-websites-stored&amp;redirectlocale=en-US<\/p><p>Internet Explorer : https:\/\/support.microsoft.com\/en-us\/topic\/how-to-delete-cookie-files-in-internet-explorer-bca9446f-d873-78de-77ba-d42645fa52fc<\/p><p>Si vous utilisez un autre navigateur web, veuillez consulter les documents d'assistance officiels de votre navigateur.<\/p><\/div>\t\t\t\t<\/div>\n\t\t\t\t<\/div>\n\t\t\t\t\t<\/div>\n\t\t\t\t<\/div>\n\t\t\t\t<\/div>\n\t\t","protected":false},"excerpt":{"rendered":"<p>Cookie Policy Effective Date: 25-Oct-2024 Last Updated: 25-Oct-2024 &nbsp; What are cookies? This Cookie Policy explains what cookies are and how we use them, the types of cookies we use i.e, the information we collect using cookies and how that information is used, and how to manage the cookie settings. Cookies are small text files [&hellip;]<\/p>\n","protected":false},"author":1,"featured_media":0,"parent":0,"menu_order":0,"comment_status":"closed","ping_status":"closed","template":"","meta":{"_acf_changed":false,"footnotes":""},"class_list":["post-8722","page","type-page","status-publish","hentry"],"acf":[],"yoast_head":"<!-- This site is optimized with the Yoast SEO plugin v27.1.1 - https:\/\/yoast.com\/product\/yoast-seo-wordpress\/ -->\n<title>Cookie Policy - AD VITAM MATERIAL<\/title>\n<meta name=\"robots\" content=\"index, follow, max-snippet:-1, max-image-preview:large, max-video-preview:-1\" \/>\n<link rel=\"canonical\" href=\"https:\/\/advitam-material.be\/nl\/cookie-policy\/\" \/>\n<meta property=\"og:locale\" content=\"nl_NL\" \/>\n<meta property=\"og:type\" content=\"article\" \/>\n<meta property=\"og:title\" content=\"Cookie Policy - AD VITAM MATERIAL\" \/>\n<meta property=\"og:description\" content=\"Cookie Policy Effective Date: 25-Oct-2024 Last Updated: 25-Oct-2024 &nbsp; What are cookies? This Cookie Policy explains what cookies are and how we use them, the types of cookies we use i.e, the information we collect using cookies and how that information is used, and how to manage the cookie settings. Cookies are small text files [&hellip;]\" \/>\n<meta property=\"og:url\" content=\"https:\/\/advitam-material.be\/nl\/cookie-policy\/\" \/>\n<meta property=\"og:site_name\" content=\"AD VITAM MATERIAL\" \/>\n<meta property=\"article:modified_time\" content=\"2024-12-09T07:49:40+00:00\" \/>\n<meta property=\"og:image\" content=\"https:\/\/advitam-material.be\/wp-content\/uploads\/2024\/10\/advitam-material.webp\" \/>\n\t<meta property=\"og:image:width\" content=\"1440\" \/>\n\t<meta property=\"og:image:height\" content=\"757\" \/>\n\t<meta property=\"og:image:type\" content=\"image\/webp\" \/>\n<meta name=\"twitter:card\" content=\"summary_large_image\" \/>\n<meta name=\"twitter:label1\" content=\"Geschatte leestijd\" \/>\n\t<meta name=\"twitter:data1\" content=\"2 minuten\" \/>\n<script type=\"application\/ld+json\" class=\"yoast-schema-graph\">{\"@context\":\"https:\/\/schema.org\",\"@graph\":[{\"@type\":\"WebPage\",\"@id\":\"https:\/\/advitam-material.be\/nl\/cookie-policy\/\",\"url\":\"https:\/\/advitam-material.be\/nl\/cookie-policy\/\",\"name\":\"Cookie Policy - AD VITAM MATERIAL\",\"isPartOf\":{\"@id\":\"https:\/\/advitam-material.be\/nl\/#website\"},\"datePublished\":\"2024-07-01T07:55:00+00:00\",\"dateModified\":\"2024-12-09T07:49:40+00:00\",\"inLanguage\":\"nl-NL\",\"potentialAction\":[{\"@type\":\"ReadAction\",\"target\":[\"https:\/\/advitam-material.be\/nl\/cookie-policy\/\"]}]},{\"@type\":\"WebSite\",\"@id\":\"https:\/\/advitam-material.be\/nl\/#website\",\"url\":\"https:\/\/advitam-material.be\/nl\/\",\"name\":\"AD VITAM MATERIAL - Le r\u00e9seau du r\u00e9emploi dans la construction en Belgique\",\"description\":\"Netwerk voor hergebruik in de bouw in Belgi\u00eb\",\"potentialAction\":[{\"@type\":\"SearchAction\",\"target\":{\"@type\":\"EntryPoint\",\"urlTemplate\":\"https:\/\/advitam-material.be\/nl\/?s={search_term_string}\"},\"query-input\":{\"@type\":\"PropertyValueSpecification\",\"valueRequired\":true,\"valueName\":\"search_term_string\"}}],\"inLanguage\":\"nl-NL\"}]}<\/script>\n<!-- \/ Yoast SEO plugin. -->","yoast_head_json":{"title":"Cookie Policy - AD VITAM MATERIAL","robots":{"index":"index","follow":"follow","max-snippet":"max-snippet:-1","max-image-preview":"max-image-preview:large","max-video-preview":"max-video-preview:-1"},"canonical":"https:\/\/advitam-material.be\/nl\/cookie-policy\/","og_locale":"nl_NL","og_type":"article","og_title":"Cookie Policy - AD VITAM MATERIAL","og_description":"Cookie Policy Effective Date: 25-Oct-2024 Last Updated: 25-Oct-2024 &nbsp; What are cookies? This Cookie Policy explains what cookies are and how we use them, the types of cookies we use i.e, the information we collect using cookies and how that information is used, and how to manage the cookie settings. Cookies are small text files [&hellip;]","og_url":"https:\/\/advitam-material.be\/nl\/cookie-policy\/","og_site_name":"AD VITAM MATERIAL","article_modified_time":"2024-12-09T07:49:40+00:00","og_image":[{"width":1440,"height":757,"url":"https:\/\/advitam-material.be\/wp-content\/uploads\/2024\/10\/advitam-material.webp","type":"image\/webp"}],"twitter_card":"summary_large_image","twitter_misc":{"Geschatte leestijd":"2 minuten"},"schema":{"@context":"https:\/\/schema.org","@graph":[{"@type":"WebPage","@id":"https:\/\/advitam-material.be\/nl\/cookie-policy\/","url":"https:\/\/advitam-material.be\/nl\/cookie-policy\/","name":"Cookie Policy - AD VITAM MATERIAL","isPartOf":{"@id":"https:\/\/advitam-material.be\/nl\/#website"},"datePublished":"2024-07-01T07:55:00+00:00","dateModified":"2024-12-09T07:49:40+00:00","inLanguage":"nl-NL","potentialAction":[{"@type":"ReadAction","target":["https:\/\/advitam-material.be\/nl\/cookie-policy\/"]}]},{"@type":"WebSite","@id":"https:\/\/advitam-material.be\/nl\/#website","url":"https:\/\/advitam-material.be\/nl\/","name":"AD VITAM MATERIAL - Le r\u00e9seau du r\u00e9emploi dans la construction en Belgique","description":"Netwerk voor hergebruik in de bouw in Belgi\u00eb","potentialAction":[{"@type":"SearchAction","target":{"@type":"EntryPoint","urlTemplate":"https:\/\/advitam-material.be\/nl\/?s={search_term_string}"},"query-input":{"@type":"PropertyValueSpecification","valueRequired":true,"valueName":"search_term_string"}}],"inLanguage":"nl-NL"}]}},"_links":{"self":[{"href":"https:\/\/advitam-material.be\/nl\/wp-json\/wp\/v2\/pages\/8722","targetHints":{"allow":["GET"]}}],"collection":[{"href":"https:\/\/advitam-material.be\/nl\/wp-json\/wp\/v2\/pages"}],"about":[{"href":"https:\/\/advitam-material.be\/nl\/wp-json\/wp\/v2\/types\/page"}],"author":[{"embeddable":true,"href":"https:\/\/advitam-material.be\/nl\/wp-json\/wp\/v2\/users\/1"}],"replies":[{"embeddable":true,"href":"https:\/\/advitam-material.be\/nl\/wp-json\/wp\/v2\/comments?post=8722"}],"version-history":[{"count":6,"href":"https:\/\/advitam-material.be\/nl\/wp-json\/wp\/v2\/pages\/8722\/revisions"}],"predecessor-version":[{"id":10409,"href":"https:\/\/advitam-material.be\/nl\/wp-json\/wp\/v2\/pages\/8722\/revisions\/10409"}],"wp:attachment":[{"href":"https:\/\/advitam-material.be\/nl\/wp-json\/wp\/v2\/media?parent=8722"}],"curies":[{"name":"wp","href":"https:\/\/api.w.org\/{rel}","templated":true}]}}